{"id":4834,"date":"2018-09-13T10:17:15","date_gmt":"2018-09-13T10:17:15","guid":{"rendered":"http:\/\/www.airdinamic.com\/contact\/"},"modified":"2020-03-22T18:19:38","modified_gmt":"2020-03-22T17:19:38","slug":"contacte","status":"publish","type":"page","link":"https:\/\/www.airdinamic.com\/ca\/contacte\/","title":{"rendered":"Contacte"},"content":{"rendered":"<div class=\"wpb-content-wrapper\"><p>[vc_row css=&#8221;.vc_custom_1542907122049{padding-top: 100px !important;padding-bottom: 60px !important;background-color: #e7f0f9 !important;}&#8221;][vc_column enable_content_animation=&#8221;yes&#8221; ca_init_scale_x=&#8221;1&#8243; ca_init_scale_y=&#8221;1&#8243; ca_init_scale_z=&#8221;1&#8243; ca_init_opacity=&#8221;0&#8243; ca_an_scale_x=&#8221;1&#8243; ca_an_scale_y=&#8221;1&#8243; ca_an_scale_z=&#8221;1&#8243; ca_an_opacity=&#8221;1&#8243; offset=&#8221;vc_col-md-3&#8243; ca_init_translate_x=&#8221;-60&#8243; ca_duration=&#8221;1200&#8243;]<style>.ld_fancy_heading_69e0715e8a7dc .lqd-highlight-inner{height:0.275em;bottom:0px;}<\/style><div class=\"ld-fancy-heading ld_fancy_heading_69e0715e8a7dc\">\n\t<h2 class=\"lqd-highlight-underline lqd-highlight-grow-left\" ><span class=\"ld-fh-txt\"> Contacta&#8217;ns<\/span><\/h2><\/div><style>.ld_fancy_heading_69e0715e8b4ca p{font-size:16px;line-height:1.5em;}.ld_fancy_heading_69e0715e8b4ca .lqd-highlight-inner{height:0.275em;bottom:0px;}<\/style><div class=\"ld-fancy-heading ld_fancy_heading_69e0715e8b4ca\">\n\t<p class=\"lqd-highlight-underline lqd-highlight-grow-left\" ><span class=\"ld-fh-txt\"> Sol\u00b7licita m\u00e9s informaci\u00f3 sobre energies renovables per a llars i empreses.<\/span><\/p><\/div><style>.ld_spacer_69e0715e8be4c{height:20px;}<\/style>\n<div class=\"ld-empty-space ld_spacer_69e0715e8be4c\"><span class=\"liquid_empty_space_inner\"><\/span><\/div>[vc_separator color=&#8221;custom&#8221; align=&#8221;align_left&#8221; el_width=&#8221;20&#8243; accent_color=&#8221;#ff8e32&#8243;]<style>.ld_fancy_heading_69e0715e8c005 p{font-size:16px;line-height:1.5em;}.ld_fancy_heading_69e0715e8c005 .lqd-highlight-inner{height:0.275em;bottom:0px;}<\/style><div class=\"ld-fancy-heading ld_fancy_heading_69e0715e8c005\">\n\t<p class=\"lqd-highlight-underline lqd-highlight-grow-left\" ><span class=\"ld-fh-txt\"> Si desitja contactar amb nosaltres per qualsevol dubte, consulta o suggeriment si us plau empleni el formulari de contacte.<\/p>\n<p>O si ho prefereix, pot trucar-nos i l&#8217;informarem de la soluci\u00f3 energ\u00e8tica m\u00e9s adient.<\/span><\/p><\/div><style>.ld_fancy_heading_69e0715e8c328 h5{font-size:16px;line-height:1.5em;color:rgb(255, 142, 50);}.ld_fancy_heading_69e0715e8c328 .lqd-highlight-inner{height:0.275em;bottom:0px;}<\/style><div class=\"ld-fancy-heading ld_fancy_heading_69e0715e8c328\">\n\t<h5 class=\"lqd-highlight-underline lqd-highlight-grow-left\" ><span class=\"ld-fh-txt\"> T : 671 309 436<\/span><\/h5><\/div><style>.ld_spacer_69e0715e8c490{height:32px;}<\/style>\n<div class=\"ld-empty-space ld_spacer_69e0715e8c490\"><span class=\"liquid_empty_space_inner\"><\/span><\/div>[\/vc_column][vc_column offset=&#8221;vc_col-md-offset-1 vc_col-md-8&#8243;]<style>.ld_spacer_69e0715e8c5a6{height:35px;}<\/style>\n<div class=\"ld-empty-space ld_spacer_69e0715e8c5a6\"><span class=\"liquid_empty_space_inner\"><\/span><\/div><style>.ld_cf7_69e0715e8c715 input,.ld_cf7_69e0715e8c715 textarea,.ld_cf7_69e0715e8c715 .ui-selectmenu-button{font-size:16px;}.ld_cf7_69e0715e8c715 input[type=\"submit\"], .ld_cf7_69e0715e8c715 button[type=\"submit\"]{font-size:20px;font-weight:700;background:rgb(60, 211, 209);color:rgb(255, 255, 255);}.ld_cf7_69e0715e8c715 input, .ld_cf7_69e0715e8c715 select, .ld_cf7_69e0715e8c715 textarea, .ld_cf7_69e0715e8c715 .ui-selectmenu-button{color:rgb(158, 167, 197);}.ld_cf7_69e0715e8c715 input:focus, .ld_cf7_69e0715e8c715 select:focus, .ld_cf7_69e0715e8c715 textarea:focus, .ld_cf7_69e0715e8c715 .ui-selectmenu-button:hover{color:rgb(0, 0, 0);}<\/style><div id=\"ld_cf7_69e0715e8c715\" class=\"lqd-contact-form ld_cf7_69e0715e8c715 vc_custom_1574781122549\">\n\t\n<div class=\"wpcf7 no-js\" id=\"wpcf7-f4838-o1\" lang=\"en-US\" dir=\"ltr\">\n<div class=\"screen-reader-response\"><p role=\"status\" aria-live=\"polite\" aria-atomic=\"true\"><\/p> <ul><\/ul><\/div>\n<form action=\"\/ca\/wp-json\/wp\/v2\/pages\/4834#wpcf7-f4838-o1\" method=\"post\" class=\"wpcf7-form init\" aria-label=\"Contact form\" novalidate=\"novalidate\" data-status=\"init\">\n<div style=\"display: none;\">\n<input type=\"hidden\" name=\"_wpcf7\" value=\"4838\" \/>\n<input type=\"hidden\" name=\"_wpcf7_version\" value=\"5.9\" \/>\n<input type=\"hidden\" name=\"_wpcf7_locale\" value=\"en_US\" \/>\n<input type=\"hidden\" name=\"_wpcf7_unit_tag\" value=\"wpcf7-f4838-o1\" \/>\n<input type=\"hidden\" name=\"_wpcf7_container_post\" value=\"0\" \/>\n<input type=\"hidden\" name=\"_wpcf7_posted_data_hash\" value=\"\" \/>\n<\/div>\n<p>Nom i cognoms\n<\/p>\n<p><span class=\"wpcf7-form-control-wrap\" data-name=\"your-name\"><input size=\"40\" class=\"wpcf7-form-control wpcf7-text wpcf7-validates-as-required\" aria-required=\"true\" aria-invalid=\"false\" value=\"\" type=\"text\" name=\"your-name\" \/><\/span>\n<\/p>\n<p>Correu electr\u00f2nic\n<\/p>\n<p><span class=\"wpcf7-form-control-wrap\" data-name=\"your-email\"><input size=\"40\" class=\"wpcf7-form-control wpcf7-email wpcf7-validates-as-required wpcf7-text wpcf7-validates-as-email\" aria-required=\"true\" aria-invalid=\"false\" value=\"\" type=\"email\" name=\"your-email\" \/><\/span>\n<\/p>\n<p>Poblaci\u00f3\n<\/p>\n<p><span class=\"wpcf7-form-control-wrap\" data-name=\"text-666\"><input size=\"40\" class=\"wpcf7-form-control wpcf7-text wpcf7-validates-as-required\" id=\"Poblaci\" aria-required=\"true\" aria-invalid=\"false\" value=\"\" type=\"text\" name=\"text-666\" \/><\/span>\n<\/p>\n<p>Tel\u00e8fon\n<\/p>\n<p><span class=\"wpcf7-form-control-wrap\" data-name=\"Telefono\"><input size=\"40\" class=\"wpcf7-form-control wpcf7-tel wpcf7-text wpcf7-validates-as-tel\" aria-invalid=\"false\" value=\"\" type=\"tel\" name=\"Telefono\" \/><\/span>\n<\/p>\n<p>Assumpte\n<\/p>\n<p><span class=\"wpcf7-form-control-wrap\" data-name=\"your-subject\"><input size=\"40\" class=\"wpcf7-form-control wpcf7-text\" aria-invalid=\"false\" value=\"\" type=\"text\" name=\"your-subject\" \/><\/span>\n<\/p>\n<p>Missatge\n<\/p>\n<p><span class=\"wpcf7-form-control-wrap\" data-name=\"your-message\"><textarea cols=\"40\" rows=\"10\" class=\"wpcf7-form-control wpcf7-textarea\" aria-invalid=\"false\" name=\"your-message\"><\/textarea><\/span>\n<\/p>\n<p><input class=\"wpcf7-form-control wpcf7-submit has-spinner\" type=\"submit\" value=\"Enviar\" \/>\n<\/p>\n<p>En deixar les seves dades a trav\u00e9s d'aquest formulari, accepta que els emmagatzemem i utilitzem per a contactar-lo i informar-lo dels nostres serveis.\n<\/p>\n<p><span class=\"wpcf7-form-control-wrap\" data-name=\"acceptance-LOPD\"><span class=\"wpcf7-form-control wpcf7-acceptance\"><span class=\"wpcf7-list-item\"><input type=\"checkbox\" name=\"acceptance-LOPD\" value=\"1\" aria-invalid=\"false\" \/><\/span><\/span><\/span> Si, acepto la <a href=\"https:\/\/www.airdinamic.com\/politica-privacidad\/\"> pol\u00edtica de privacitat<\/a>.\n<\/p><div class=\"wpcf7-response-output\" aria-hidden=\"true\"><\/div>\n<\/form>\n<\/div>\n<\/div>[\/vc_column][\/vc_row]<\/p>\n<\/div>","protected":false},"excerpt":{"rendered":"<p>[vc_row css=&#8221;.vc_custom_1542907122049{padding-top: 100px !important;padding-bottom: 60px !important;background-color: #e7f0f9 !important;}&#8221;][vc_column enable_content_animation=&#8221;yes&#8221; ca_init_scale_x=&#8221;1&#8243; ca_init_scale_y=&#8221;1&#8243; ca_init_scale_z=&#8221;1&#8243; ca_init_opacity=&#8221;0&#8243; ca_an_scale_x=&#8221;1&#8243; ca_an_scale_y=&#8221;1&#8243;&#8230;<\/p>\n","protected":false},"author":1,"featured_media":0,"parent":0,"menu_order":0,"comment_status":"closed","ping_status":"closed","template":"","meta":{"footnotes":""},"yoast_head":"<!-- This site is optimized with the Yoast SEO plugin v22.2 - https:\/\/yoast.com\/wordpress\/plugins\/seo\/ -->\n<title>Airdinamic | Cont\u00e1cta&#039;ns | Aerot\u00e8rmia | Geot\u00e8rmia<\/title>\n<meta name=\"description\" content=\"Coneix els avantatges que tindries en instal\u00b7lar un sistema de aerot\u00e8rmia o de geot\u00e8rmia en la teva llar, empresa o instal\u00b7laci\u00f3 esportiva. Som especialistes.\" \/>\n<meta name=\"robots\" content=\"index, follow, max-snippet:-1, max-image-preview:large, max-video-preview:-1\" \/>\n<link rel=\"canonical\" href=\"https:\/\/www.airdinamic.com\/ca\/contacte\/\" \/>\n<meta property=\"og:locale\" content=\"ca_ES\" \/>\n<meta property=\"og:type\" content=\"article\" \/>\n<meta property=\"og:title\" content=\"Airdinamic | Cont\u00e1cta&#039;ns | Aerot\u00e8rmia | Geot\u00e8rmia\" \/>\n<meta property=\"og:description\" content=\"Coneix els avantatges que tindries en instal\u00b7lar un sistema de aerot\u00e8rmia o de geot\u00e8rmia en la teva llar, empresa o instal\u00b7laci\u00f3 esportiva. Som especialistes.\" \/>\n<meta property=\"og:url\" content=\"https:\/\/www.airdinamic.com\/ca\/contacte\/\" \/>\n<meta property=\"og:site_name\" content=\"AirDinamic\" \/>\n<meta property=\"article:modified_time\" content=\"2020-03-22T17:19:38+00:00\" \/>\n<meta name=\"twitter:card\" content=\"summary_large_image\" \/>\n<meta name=\"twitter:label1\" content=\"Temps estimat de lectura\" \/>\n\t<meta name=\"twitter:data1\" content=\"1 minut\" \/>\n<script type=\"application\/ld+json\" class=\"yoast-schema-graph\">{\"@context\":\"https:\/\/schema.org\",\"@graph\":[{\"@type\":\"WebPage\",\"@id\":\"https:\/\/www.airdinamic.com\/ca\/contacte\/\",\"url\":\"https:\/\/www.airdinamic.com\/ca\/contacte\/\",\"name\":\"Airdinamic | Cont\u00e1cta'ns | Aerot\u00e8rmia | Geot\u00e8rmia\",\"isPartOf\":{\"@id\":\"https:\/\/www.airdinamic.com\/#website\"},\"datePublished\":\"2018-09-13T10:17:15+00:00\",\"dateModified\":\"2020-03-22T17:19:38+00:00\",\"description\":\"Coneix els avantatges que tindries en instal\u00b7lar un sistema de aerot\u00e8rmia o de geot\u00e8rmia en la teva llar, empresa o instal\u00b7laci\u00f3 esportiva. Som especialistes.\",\"breadcrumb\":{\"@id\":\"https:\/\/www.airdinamic.com\/ca\/contacte\/#breadcrumb\"},\"inLanguage\":\"ca\",\"potentialAction\":[{\"@type\":\"ReadAction\",\"target\":[\"https:\/\/www.airdinamic.com\/ca\/contacte\/\"]}]},{\"@type\":\"BreadcrumbList\",\"@id\":\"https:\/\/www.airdinamic.com\/ca\/contacte\/#breadcrumb\",\"itemListElement\":[{\"@type\":\"ListItem\",\"position\":1,\"name\":\"Portada\",\"item\":\"https:\/\/www.airdinamic.com\/ca\/\"},{\"@type\":\"ListItem\",\"position\":2,\"name\":\"Contacte\"}]},{\"@type\":\"WebSite\",\"@id\":\"https:\/\/www.airdinamic.com\/#website\",\"url\":\"https:\/\/www.airdinamic.com\/\",\"name\":\"AirDinamic\",\"description\":\"Especialistas en Geotermia y Aerotermia\",\"publisher\":{\"@id\":\"https:\/\/www.airdinamic.com\/#organization\"},\"potentialAction\":[{\"@type\":\"SearchAction\",\"target\":{\"@type\":\"EntryPoint\",\"urlTemplate\":\"https:\/\/www.airdinamic.com\/?s={search_term_string}\"},\"query-input\":\"required name=search_term_string\"}],\"inLanguage\":\"ca\"},{\"@type\":\"Organization\",\"@id\":\"https:\/\/www.airdinamic.com\/#organization\",\"name\":\"Airdinamic\",\"url\":\"https:\/\/www.airdinamic.com\/\",\"logo\":{\"@type\":\"ImageObject\",\"inLanguage\":\"ca\",\"@id\":\"https:\/\/www.airdinamic.com\/#\/schema\/logo\/image\/\",\"url\":\"https:\/\/www.airdinamic.com\/wp-content\/uploads\/2019\/11\/Logo-airdinamic-negro-mobile.png\",\"contentUrl\":\"https:\/\/www.airdinamic.com\/wp-content\/uploads\/2019\/11\/Logo-airdinamic-negro-mobile.png\",\"width\":150,\"height\":87,\"caption\":\"Airdinamic\"},\"image\":{\"@id\":\"https:\/\/www.airdinamic.com\/#\/schema\/logo\/image\/\"}}]}<\/script>\n<!-- \/ Yoast SEO plugin. -->","yoast_head_json":{"title":"Airdinamic | Cont\u00e1cta'ns | Aerot\u00e8rmia | Geot\u00e8rmia","description":"Coneix els avantatges que tindries en instal\u00b7lar un sistema de aerot\u00e8rmia o de geot\u00e8rmia en la teva llar, empresa o instal\u00b7laci\u00f3 esportiva. Som especialistes.","robots":{"index":"index","follow":"follow","max-snippet":"max-snippet:-1","max-image-preview":"max-image-preview:large","max-video-preview":"max-video-preview:-1"},"canonical":"https:\/\/www.airdinamic.com\/ca\/contacte\/","og_locale":"ca_ES","og_type":"article","og_title":"Airdinamic | Cont\u00e1cta'ns | Aerot\u00e8rmia | Geot\u00e8rmia","og_description":"Coneix els avantatges que tindries en instal\u00b7lar un sistema de aerot\u00e8rmia o de geot\u00e8rmia en la teva llar, empresa o instal\u00b7laci\u00f3 esportiva. Som especialistes.","og_url":"https:\/\/www.airdinamic.com\/ca\/contacte\/","og_site_name":"AirDinamic","article_modified_time":"2020-03-22T17:19:38+00:00","twitter_card":"summary_large_image","twitter_misc":{"Temps estimat de lectura":"1 minut"},"schema":{"@context":"https:\/\/schema.org","@graph":[{"@type":"WebPage","@id":"https:\/\/www.airdinamic.com\/ca\/contacte\/","url":"https:\/\/www.airdinamic.com\/ca\/contacte\/","name":"Airdinamic | Cont\u00e1cta'ns | Aerot\u00e8rmia | Geot\u00e8rmia","isPartOf":{"@id":"https:\/\/www.airdinamic.com\/#website"},"datePublished":"2018-09-13T10:17:15+00:00","dateModified":"2020-03-22T17:19:38+00:00","description":"Coneix els avantatges que tindries en instal\u00b7lar un sistema de aerot\u00e8rmia o de geot\u00e8rmia en la teva llar, empresa o instal\u00b7laci\u00f3 esportiva. Som especialistes.","breadcrumb":{"@id":"https:\/\/www.airdinamic.com\/ca\/contacte\/#breadcrumb"},"inLanguage":"ca","potentialAction":[{"@type":"ReadAction","target":["https:\/\/www.airdinamic.com\/ca\/contacte\/"]}]},{"@type":"BreadcrumbList","@id":"https:\/\/www.airdinamic.com\/ca\/contacte\/#breadcrumb","itemListElement":[{"@type":"ListItem","position":1,"name":"Portada","item":"https:\/\/www.airdinamic.com\/ca\/"},{"@type":"ListItem","position":2,"name":"Contacte"}]},{"@type":"WebSite","@id":"https:\/\/www.airdinamic.com\/#website","url":"https:\/\/www.airdinamic.com\/","name":"AirDinamic","description":"Especialistas en Geotermia y Aerotermia","publisher":{"@id":"https:\/\/www.airdinamic.com\/#organization"},"potentialAction":[{"@type":"SearchAction","target":{"@type":"EntryPoint","urlTemplate":"https:\/\/www.airdinamic.com\/?s={search_term_string}"},"query-input":"required name=search_term_string"}],"inLanguage":"ca"},{"@type":"Organization","@id":"https:\/\/www.airdinamic.com\/#organization","name":"Airdinamic","url":"https:\/\/www.airdinamic.com\/","logo":{"@type":"ImageObject","inLanguage":"ca","@id":"https:\/\/www.airdinamic.com\/#\/schema\/logo\/image\/","url":"https:\/\/www.airdinamic.com\/wp-content\/uploads\/2019\/11\/Logo-airdinamic-negro-mobile.png","contentUrl":"https:\/\/www.airdinamic.com\/wp-content\/uploads\/2019\/11\/Logo-airdinamic-negro-mobile.png","width":150,"height":87,"caption":"Airdinamic"},"image":{"@id":"https:\/\/www.airdinamic.com\/#\/schema\/logo\/image\/"}}]}},"_links":{"self":[{"href":"https:\/\/www.airdinamic.com\/ca\/wp-json\/wp\/v2\/pages\/4834"}],"collection":[{"href":"https:\/\/www.airdinamic.com\/ca\/wp-json\/wp\/v2\/pages"}],"about":[{"href":"https:\/\/www.airdinamic.com\/ca\/wp-json\/wp\/v2\/types\/page"}],"author":[{"embeddable":true,"href":"https:\/\/www.airdinamic.com\/ca\/wp-json\/wp\/v2\/users\/1"}],"replies":[{"embeddable":true,"href":"https:\/\/www.airdinamic.com\/ca\/wp-json\/wp\/v2\/comments?post=4834"}],"version-history":[{"count":8,"href":"https:\/\/www.airdinamic.com\/ca\/wp-json\/wp\/v2\/pages\/4834\/revisions"}],"predecessor-version":[{"id":4992,"href":"https:\/\/www.airdinamic.com\/ca\/wp-json\/wp\/v2\/pages\/4834\/revisions\/4992"}],"wp:attachment":[{"href":"https:\/\/www.airdinamic.com\/ca\/wp-json\/wp\/v2\/media?parent=4834"}],"curies":[{"name":"wp","href":"https:\/\/api.w.org\/{rel}","templated":true}]}}